{"id":3341,"date":"2023-02-13T16:00:22","date_gmt":"2023-02-13T15:00:22","guid":{"rendered":"https:\/\/luganoelegance.com\/about\/"},"modified":"2025-10-14T13:33:59","modified_gmt":"2025-10-14T11:33:59","slug":"uber-uns","status":"publish","type":"page","link":"https:\/\/luganoelegance.com\/de\/uber-uns\/","title":{"rendered":"\u00dcber uns"},"content":{"rendered":"<section class=\"acf\/visual-and-content module relative only:py-20 bg-white\" >\n    \n  <div class=\"gutter-x py-8 md:py-15\">\n    <div class=\"container grid grid-cols-12 gap-6 md:gap-10\">\n\n      <div class=\"col-span-12 flex items-center md:col-span-6 lg:col-span-5 md:order-2\">\n        <div class=\"w-full md:my-0 max-w-xl\">\n          <div class=\"max-w-2xl mx-auto \">\n    \n    \n          <div class=\"flex items-center gap-3 mb-5 last:mb-0\">\n        \n                                            \n          <h2 class=\"font-700 font-display heading-2 text-yellow\">\n            Scuderia Classiche\n          <\/h2>\n              <\/div>\n    \n          <div class=\"wysiwyg\">\n        <p>Wir bieten eine Rundum-L\u00f6sung f\u00fcr Enthusiasten und engagierte Sammler in der Welt der Oldtimer.<\/p>\n<p>Unsere Erfahrung reicht von der Organisation und Verwaltung von Veranstaltungen \u00fcber die Beratung beim Aufbau und der Pflege privater Sammlungen bis hin zu technischer Unterst\u00fctzung und Hilfestellung. Zudem bieten wir L\u00f6sungen f\u00fcr die Fahrzeuglagerung an.<\/p>\n<p>Mit Sitz in Lugano, in der bezaubernden Region Tessin im S\u00fcden der Schweiz, sind wir leicht erreichbar und von malerischen Stra\u00dfen umgeben, die sich ideal f\u00fcr entspannte Fahrten eignen.<\/p>\n\n      <\/div>\n    \n    \n          <div class=\"flex mt-8 gap-5\">\n                  <a  href=\"https:\/\/scuderiaclassiche.com\/de\/\" target=\"_blank\"  rel=\"noopener noreferrer\"   class=\"button group inline-flex items-center justify-center gap-x-2 font-alt text-h5 transition-micro font-general normal-case h-9 px-5 pb-0.5 leading-none rounded bg-yellow hover:bg-yellow\/80 text-black\"\n\n    \n    >\n    <span>Webseite<\/span>\n\n    \n        <\/a>\n\n              <\/div>\n    \n  <\/div>\n        <\/div>\n      <\/div>\n\n              <div class=\"col-span-12 md:col-span-6 lg:col-span-7 flex items-center\">\n          <figure class=\"block w-full overflow-hidden rounded aspect-[16\/10] !h-auto h-full\">\n  <picture class=\"block h-full w-full \">\n    <source srcset=\"https:\/\/luganoelegance.com\/wp-content\/uploads\/scuderia-300x188.png 300w, https:\/\/luganoelegance.com\/wp-content\/uploads\/scuderia-1024x640.png 1024w, https:\/\/luganoelegance.com\/wp-content\/uploads\/scuderia-768x480.png 768w, https:\/\/luganoelegance.com\/wp-content\/uploads\/scuderia-1536x960.png 1536w, https:\/\/luganoelegance.com\/wp-content\/uploads\/scuderia.png 1920w\" sizes=\"(min-width: 1024px) 550px, 100vw\" \/>\n    <img decoding=\"async\" src=\"https:\/\/luganoelegance.com\/wp-content\/uploads\/scuderia-1024x640.png\" alt=\"image\" class=\"object-cover object-center w-full h-full\" \/>\n  <\/picture>\n<\/figure>\n        <\/div>\n      \n    <\/div>\n  <\/div>\n  <\/section>\n\n\n\n\n<section class=\"acf\/cards-grid module relative only:py-20 mb-15 bg-white\" >\n    \n  <div class=\"gutter-x py-15\">\n    <div class=\"container\">\n\n      \n      <div class=\"grid grid-cols-6 gap-x-8 gap-y-20 place-content-center\">\n\n                  <div class=\"col-span-6 md:col-span-3 lg:col-span-2 flex\">\n            <article class=\"flex flex-col justify-between items-start\">\n\n              <div>\n                                  <div class=\"mb-6 w-full overflow-hidden aspect-[10\/13]\">\n                    <figure class=\"block w-full overflow-hidden rounded h-full\">\n  <picture class=\"block h-full w-full \">\n    <source srcset=\"https:\/\/luganoelegance.com\/wp-content\/uploads\/SitoWeb_LE-300x265.jpg 300w, https:\/\/luganoelegance.com\/wp-content\/uploads\/SitoWeb_LE-1024x904.jpg 1024w, https:\/\/luganoelegance.com\/wp-content\/uploads\/SitoWeb_LE-768x678.jpg 768w, https:\/\/luganoelegance.com\/wp-content\/uploads\/SitoWeb_LE-1536x1356.jpg 1536w, https:\/\/luganoelegance.com\/wp-content\/uploads\/SitoWeb_LE.jpg 2048w\" sizes=\"(min-width: 768px) 50vw, (min-width: 1024px) 360px, 100vw\" \/>\n    <img decoding=\"async\" src=\"https:\/\/luganoelegance.com\/wp-content\/uploads\/SitoWeb_LE-768x678.jpg\" alt=\"image\" class=\"object-cover object-center w-full h-full\" \/>\n  <\/picture>\n<\/figure>\n                  <\/div>\n                \n                                  <h5 class=\"heading-5 text-yellow font-700\">Founder, Scuderia Classiche<\/h5>\n                \n                                  <h1 class=\"heading-2\">Paolo Pedersoli<\/h1>\n                \n                                  <div class=\"wysiwyg mt-4\">\n                    <p>Unsere Geschichte entspringt einer tiefen Leidenschaft f\u00fcr die Welt der Oldtimer. Als Gr\u00fcnder war es mir stets ein Anliegen, technisches Wissen und Erfahrung zu verbinden, um prestigetr\u00e4chtige Veranstaltungen zu organisieren, und Lugano Elegance ist der ultimative Ausdruck davon.<\/p>\n<p>Das Team arbeitet akribisch daran, Dienstleistungen auf h\u00f6chstem Niveau anzubieten. Dieses Engagement wird durch unsere Zusammenarbeit mit legend\u00e4ren Veranstaltungen der Branche und die Organisation von Rallyes wie der 1000 Miglia Warm Up Switzerland best\u00e4tigt.<\/p>\n\n                  <\/div>\n                              <\/div>\n\n              \n            <\/article>\n          <\/div>\n                  <div class=\"col-span-6 md:col-span-3 lg:col-span-2 flex\">\n            <article class=\"flex flex-col justify-between items-start\">\n\n              <div>\n                                  <div class=\"mb-6 w-full overflow-hidden aspect-[10\/13]\">\n                    <figure class=\"block w-full overflow-hidden rounded h-full\">\n  <picture class=\"block h-full w-full \">\n    <source srcset=\"https:\/\/luganoelegance.com\/wp-content\/uploads\/LUGANOELEGANCE2024-256-300x300.jpg 300w, https:\/\/luganoelegance.com\/wp-content\/uploads\/LUGANOELEGANCE2024-256-1024x1024.jpg 1024w, https:\/\/luganoelegance.com\/wp-content\/uploads\/LUGANOELEGANCE2024-256-150x150.jpg 150w, https:\/\/luganoelegance.com\/wp-content\/uploads\/LUGANOELEGANCE2024-256-768x768.jpg 768w, https:\/\/luganoelegance.com\/wp-content\/uploads\/LUGANOELEGANCE2024-256-1536x1536.jpg 1536w, https:\/\/luganoelegance.com\/wp-content\/uploads\/LUGANOELEGANCE2024-256-2048x2048.jpg 2048w\" sizes=\"(min-width: 768px) 50vw, (min-width: 1024px) 360px, 100vw\" \/>\n    <img decoding=\"async\" src=\"https:\/\/luganoelegance.com\/wp-content\/uploads\/LUGANOELEGANCE2024-256-768x768.jpg\" alt=\"image\" class=\"object-cover object-center w-full h-full\" \/>\n  <\/picture>\n<\/figure>\n                  <\/div>\n                \n                                  <h5 class=\"heading-5 text-yellow font-700\">Founder &#038; Ambassador, Lugano Elegance<\/h5>\n                \n                                  <h1 class=\"heading-2\">Claudio Mosconi<\/h1>\n                \n                                  <div class=\"wysiwyg mt-4\">\n                    <p>Ein bekannter Sammler von Oldtimern in Lugano, der dank seiner tiefen Leidenschaft und seines Wissens \u00fcber die Automobilwelt zur Entstehung von Lugano Elegance beigetragen hat. Seine langj\u00e4hrige Erfahrung, die auch durch den Maserati Club Schweiz gepr\u00e4gt wurde, inspirierte die Gr\u00fcndung vieler anderer Initiativen, die die Sch\u00f6nheit der Oldtimer feiern.<\/p>\n\n                  <\/div>\n                              <\/div>\n\n              \n            <\/article>\n          <\/div>\n                  <div class=\"col-span-6 md:col-span-3 lg:col-span-2 flex\">\n            <article class=\"flex flex-col justify-between items-start\">\n\n              <div>\n                                  <div class=\"mb-6 w-full overflow-hidden aspect-[10\/13]\">\n                    <figure class=\"block w-full overflow-hidden rounded h-full\">\n  <picture class=\"block h-full w-full \">\n    <source srcset=\"https:\/\/luganoelegance.com\/wp-content\/uploads\/Chris-Kramer-300x214.jpg 300w, https:\/\/luganoelegance.com\/wp-content\/uploads\/Chris-Kramer-1024x731.jpg 1024w, https:\/\/luganoelegance.com\/wp-content\/uploads\/Chris-Kramer-768x548.jpg 768w, https:\/\/luganoelegance.com\/wp-content\/uploads\/Chris-Kramer.jpg 1049w\" sizes=\"(min-width: 768px) 50vw, (min-width: 1024px) 360px, 100vw\" \/>\n    <img decoding=\"async\" src=\"https:\/\/luganoelegance.com\/wp-content\/uploads\/Chris-Kramer-768x548.jpg\" alt=\"image\" class=\"object-cover object-center w-full h-full\" \/>\n  <\/picture>\n<\/figure>\n                  <\/div>\n                \n                                  <h5 class=\"heading-5 text-yellow font-700\">Chief Judge<\/h5>\n                \n                                  <h1 class=\"heading-2\">Chris Kramer<\/h1>\n                \n                                  <div class=\"wysiwyg mt-4\">\n                    <p>Mit \u00fcber 30 Jahren Erfahrung in der Automobilbranche und rund 25 Jahren als Berater f\u00fcr Oldtimer arbeitet Chris Kramer als Gutachter und Sammlungsberater. Er ist Mitglied des Auswahlkomitees des Concorso d\u2019Eleganza Villa d\u2019Este und bewertet bei bedeutenden Concours d\u2019Elegance weltweit.<br \/>\nK\u00fcrzlich hat Chris ein Trainings- und Mentoringprogramm f\u00fcr die n\u00e4chste Generation von Concours-Richtern ins Leben gerufen.<\/p>\n\n                  <\/div>\n                              <\/div>\n\n              \n            <\/article>\n          <\/div>\n                  <div class=\"col-span-6 md:col-span-3 lg:col-span-2 flex\">\n            <article class=\"flex flex-col justify-between items-start\">\n\n              <div>\n                                  <div class=\"mb-6 w-full overflow-hidden aspect-[10\/13]\">\n                    <figure class=\"block w-full overflow-hidden rounded h-full\">\n  <picture class=\"block h-full w-full \">\n    <source srcset=\"https:\/\/luganoelegance.com\/wp-content\/uploads\/Christophe-Cerinottiv2-240x300.jpg 240w, https:\/\/luganoelegance.com\/wp-content\/uploads\/Christophe-Cerinottiv2-819x1024.jpg 819w, https:\/\/luganoelegance.com\/wp-content\/uploads\/Christophe-Cerinottiv2-768x960.jpg 768w, https:\/\/luganoelegance.com\/wp-content\/uploads\/Christophe-Cerinottiv2-1229x1536.jpg 1229w, https:\/\/luganoelegance.com\/wp-content\/uploads\/Christophe-Cerinottiv2.jpg 1600w\" sizes=\"(min-width: 768px) 50vw, (min-width: 1024px) 360px, 100vw\" \/>\n    <img decoding=\"async\" src=\"https:\/\/luganoelegance.com\/wp-content\/uploads\/Christophe-Cerinottiv2-768x960.jpg\" alt=\"image\" class=\"object-cover object-center w-full h-full\" \/>\n  <\/picture>\n<\/figure>\n                  <\/div>\n                \n                                  <h5 class=\"heading-5 text-yellow font-700\">Verantwortlicher f\u00fcr Logistik und Sicherheit<\/h5>\n                \n                                  <h1 class=\"heading-2\">Christophe Cerinotti<\/h1>\n                \n                                  <div class=\"wysiwyg mt-4\">\n                    <p class=\"p1\">Dank seiner Leidenschaft f\u00fcr klassische Automobile und seiner Erfahrung als Leiter der Ausbildungsabteilung bei der Kantonspolizei f\u00fchrt Christophe das Logistik- und Sicherheitsmanagement und garantiert Organisation und Effizienz.<\/p>\n\n                  <\/div>\n                              <\/div>\n\n              \n            <\/article>\n          <\/div>\n                  <div class=\"col-span-6 md:col-span-3 lg:col-span-2 flex\">\n            <article class=\"flex flex-col justify-between items-start\">\n\n              <div>\n                                  <div class=\"mb-6 w-full overflow-hidden aspect-[10\/13]\">\n                    <figure class=\"block w-full overflow-hidden rounded h-full\">\n  <picture class=\"block h-full w-full \">\n    <source srcset=\"https:\/\/luganoelegance.com\/wp-content\/uploads\/Roberto-Bernasconi-300x200.jpg 300w, https:\/\/luganoelegance.com\/wp-content\/uploads\/Roberto-Bernasconi-1024x682.jpg 1024w, https:\/\/luganoelegance.com\/wp-content\/uploads\/Roberto-Bernasconi-768x512.jpg 768w, https:\/\/luganoelegance.com\/wp-content\/uploads\/Roberto-Bernasconi-1536x1023.jpg 1536w, https:\/\/luganoelegance.com\/wp-content\/uploads\/Roberto-Bernasconi.jpg 1731w\" sizes=\"(min-width: 768px) 50vw, (min-width: 1024px) 360px, 100vw\" \/>\n    <img decoding=\"async\" src=\"https:\/\/luganoelegance.com\/wp-content\/uploads\/Roberto-Bernasconi-768x512.jpg\" alt=\"image\" class=\"object-cover object-center w-full h-full\" \/>\n  <\/picture>\n<\/figure>\n                  <\/div>\n                \n                                  <h5 class=\"heading-5 text-yellow font-700\">Director of Partner Relations<\/h5>\n                \n                                  <h1 class=\"heading-2\">Roberto Bernasconi<\/h1>\n                \n                                  <div class=\"wysiwyg mt-4\">\n                    <p class=\"p1\">Roberto Bernasconi hat jahrelange Erfahrung im Bereich Marketing und Kommunikation gesammelt. Seine Leidenschaft f\u00fcr Oldtimer macht ihn zum besten Ansprechpartner f\u00fcr die Partner von Lugano Elegance.<\/p>\n\n                  <\/div>\n                              <\/div>\n\n              \n            <\/article>\n          <\/div>\n              <\/div>\n\n    <\/div>\n  <\/div>\n  <\/section>\n\n\n","protected":false},"excerpt":{"rendered":"","protected":false},"author":5,"featured_media":0,"parent":0,"menu_order":0,"comment_status":"closed","ping_status":"closed","template":"","meta":{"_acf_changed":false,"inline_featured_image":false,"footnotes":""},"class_list":["post-3341","page","type-page","status-publish","hentry"],"acf":[],"yoast_head":"<!-- This site is optimized with the Yoast SEO plugin v27.3 - https:\/\/yoast.com\/product\/yoast-seo-wordpress\/ -->\n<title>\u00dcber uns - Lugano Elegance<\/title>\n<meta name=\"robots\" content=\"index, follow, max-snippet:-1, max-image-preview:large, max-video-preview:-1\" \/>\n<link rel=\"canonical\" href=\"https:\/\/luganoelegance.com\/de\/uber-uns\/\" \/>\n<meta property=\"og:locale\" content=\"de_DE\" \/>\n<meta property=\"og:type\" content=\"article\" \/>\n<meta property=\"og:title\" content=\"\u00dcber uns - Lugano Elegance\" \/>\n<meta property=\"og:url\" content=\"https:\/\/luganoelegance.com\/de\/uber-uns\/\" \/>\n<meta property=\"og:site_name\" content=\"Lugano Elegance\" \/>\n<meta property=\"article:modified_time\" content=\"2025-10-14T11:33:59+00:00\" \/>\n<meta name=\"twitter:card\" content=\"summary_large_image\" \/>\n<script type=\"application\/ld+json\" class=\"yoast-schema-graph\">{\"@context\":\"https:\\\/\\\/schema.org\",\"@graph\":[{\"@type\":\"WebPage\",\"@id\":\"https:\\\/\\\/luganoelegance.com\\\/de\\\/uber-uns\\\/\",\"url\":\"https:\\\/\\\/luganoelegance.com\\\/de\\\/uber-uns\\\/\",\"name\":\"\u00dcber uns - Lugano Elegance\",\"isPartOf\":{\"@id\":\"https:\\\/\\\/luganoelegance.com\\\/#website\"},\"datePublished\":\"2023-02-13T15:00:22+00:00\",\"dateModified\":\"2025-10-14T11:33:59+00:00\",\"breadcrumb\":{\"@id\":\"https:\\\/\\\/luganoelegance.com\\\/de\\\/uber-uns\\\/#breadcrumb\"},\"inLanguage\":\"de\",\"potentialAction\":[{\"@type\":\"ReadAction\",\"target\":[\"https:\\\/\\\/luganoelegance.com\\\/de\\\/uber-uns\\\/\"]}]},{\"@type\":\"BreadcrumbList\",\"@id\":\"https:\\\/\\\/luganoelegance.com\\\/de\\\/uber-uns\\\/#breadcrumb\",\"itemListElement\":[{\"@type\":\"ListItem\",\"position\":1,\"name\":\"Home\",\"item\":\"https:\\\/\\\/luganoelegance.com\\\/de\\\/\"},{\"@type\":\"ListItem\",\"position\":2,\"name\":\"\u00dcber uns\"}]},{\"@type\":\"WebSite\",\"@id\":\"https:\\\/\\\/luganoelegance.com\\\/#website\",\"url\":\"https:\\\/\\\/luganoelegance.com\\\/\",\"name\":\"Lugano Elegance\",\"description\":\"\",\"potentialAction\":[{\"@type\":\"SearchAction\",\"target\":{\"@type\":\"EntryPoint\",\"urlTemplate\":\"https:\\\/\\\/luganoelegance.com\\\/?s={search_term_string}\"},\"query-input\":{\"@type\":\"PropertyValueSpecification\",\"valueRequired\":true,\"valueName\":\"search_term_string\"}}],\"inLanguage\":\"de\"}]}<\/script>\n<!-- \/ Yoast SEO plugin. -->","yoast_head_json":{"title":"\u00dcber uns - Lugano Elegance","robots":{"index":"index","follow":"follow","max-snippet":"max-snippet:-1","max-image-preview":"max-image-preview:large","max-video-preview":"max-video-preview:-1"},"canonical":"https:\/\/luganoelegance.com\/de\/uber-uns\/","og_locale":"de_DE","og_type":"article","og_title":"\u00dcber uns - Lugano Elegance","og_url":"https:\/\/luganoelegance.com\/de\/uber-uns\/","og_site_name":"Lugano Elegance","article_modified_time":"2025-10-14T11:33:59+00:00","twitter_card":"summary_large_image","schema":{"@context":"https:\/\/schema.org","@graph":[{"@type":"WebPage","@id":"https:\/\/luganoelegance.com\/de\/uber-uns\/","url":"https:\/\/luganoelegance.com\/de\/uber-uns\/","name":"\u00dcber uns - Lugano Elegance","isPartOf":{"@id":"https:\/\/luganoelegance.com\/#website"},"datePublished":"2023-02-13T15:00:22+00:00","dateModified":"2025-10-14T11:33:59+00:00","breadcrumb":{"@id":"https:\/\/luganoelegance.com\/de\/uber-uns\/#breadcrumb"},"inLanguage":"de","potentialAction":[{"@type":"ReadAction","target":["https:\/\/luganoelegance.com\/de\/uber-uns\/"]}]},{"@type":"BreadcrumbList","@id":"https:\/\/luganoelegance.com\/de\/uber-uns\/#breadcrumb","itemListElement":[{"@type":"ListItem","position":1,"name":"Home","item":"https:\/\/luganoelegance.com\/de\/"},{"@type":"ListItem","position":2,"name":"\u00dcber uns"}]},{"@type":"WebSite","@id":"https:\/\/luganoelegance.com\/#website","url":"https:\/\/luganoelegance.com\/","name":"Lugano Elegance","description":"","potentialAction":[{"@type":"SearchAction","target":{"@type":"EntryPoint","urlTemplate":"https:\/\/luganoelegance.com\/?s={search_term_string}"},"query-input":{"@type":"PropertyValueSpecification","valueRequired":true,"valueName":"search_term_string"}}],"inLanguage":"de"}]}},"_links":{"self":[{"href":"https:\/\/luganoelegance.com\/de\/wp-json\/wp\/v2\/pages\/3341","targetHints":{"allow":["GET"]}}],"collection":[{"href":"https:\/\/luganoelegance.com\/de\/wp-json\/wp\/v2\/pages"}],"about":[{"href":"https:\/\/luganoelegance.com\/de\/wp-json\/wp\/v2\/types\/page"}],"author":[{"embeddable":true,"href":"https:\/\/luganoelegance.com\/de\/wp-json\/wp\/v2\/users\/5"}],"replies":[{"embeddable":true,"href":"https:\/\/luganoelegance.com\/de\/wp-json\/wp\/v2\/comments?post=3341"}],"version-history":[{"count":7,"href":"https:\/\/luganoelegance.com\/de\/wp-json\/wp\/v2\/pages\/3341\/revisions"}],"predecessor-version":[{"id":4509,"href":"https:\/\/luganoelegance.com\/de\/wp-json\/wp\/v2\/pages\/3341\/revisions\/4509"}],"wp:attachment":[{"href":"https:\/\/luganoelegance.com\/de\/wp-json\/wp\/v2\/media?parent=3341"}],"curies":[{"name":"wp","href":"https:\/\/api.w.org\/{rel}","templated":true}]}}