{"id":4065,"date":"2025-09-23T11:38:29","date_gmt":"2025-09-23T09:38:29","guid":{"rendered":"https:\/\/luganoelegance.com\/?page_id=4065"},"modified":"2026-04-09T16:50:09","modified_gmt":"2026-04-09T14:50:09","slug":"klassen","status":"publish","type":"page","link":"https:\/\/luganoelegance.com\/de\/klassen\/","title":{"rendered":"Klassen"},"content":{"rendered":"<section class=\"acf\/visual-and-content module relative only:py-20 bg-white\" >\n    \n  <div class=\"gutter-x py-8 md:py-15\">\n    <div class=\"container grid grid-cols-12 gap-6 md:gap-10\">\n\n      <div class=\"col-span-12 flex items-center md:col-span-6 lg:col-span-5 md:order-2\">\n        <div class=\"w-full md:my-0 max-w-xl\">\n          <div class=\"max-w-2xl mx-auto \">\n    \n    \n    \n          <div class=\"wysiwyg\">\n        <p>Der Concours d\u2019Elegance pr\u00e4sentiert exklusiv 40 Fahrzeuge, die in 6 Kategorien unterteilt sind.<\/p>\n<p>Diese reichen von gro\u00dfen Oldtimern bis hin zu einer Auswahl der bedeutendsten Youngtimer, Supersportwagen und Hypercars, die Geschichte geschrieben haben. Hinzu kommt eine Sonderklasse zu Ehren des Genies Ilario Bandini.<\/p>\n<p>Die Zulassung ist das Ergebnis eines strengen Bewertungsverfahrens, das von einem Auswahlkomitee aus internationalen Experten \u00fcberwacht wird.<\/p>\n\n      <\/div>\n    \n    \n    \n  <\/div>\n        <\/div>\n      <\/div>\n\n              <div class=\"col-span-12 md:col-span-6 lg:col-span-7 flex items-center\">\n          <figure class=\"block w-full overflow-hidden rounded aspect-[16\/10] !h-auto h-full\">\n  <picture class=\"block h-full w-full \">\n    <source srcset=\"https:\/\/luganoelegance.com\/wp-content\/uploads\/classes-300x184.jpg 300w, https:\/\/luganoelegance.com\/wp-content\/uploads\/classes-1024x629.jpg 1024w, https:\/\/luganoelegance.com\/wp-content\/uploads\/classes-768x472.jpg 768w, https:\/\/luganoelegance.com\/wp-content\/uploads\/classes-1536x944.jpg 1536w, https:\/\/luganoelegance.com\/wp-content\/uploads\/classes.jpg 1920w\" sizes=\"(min-width: 1024px) 550px, 100vw\" \/>\n    <img decoding=\"async\" src=\"https:\/\/luganoelegance.com\/wp-content\/uploads\/classes-1024x629.jpg\" alt=\"image\" class=\"object-cover object-center w-full h-full\" \/>\n  <\/picture>\n<\/figure>\n        <\/div>\n      \n    <\/div>\n  <\/div>\n  <\/section>\n\n\n\n\n<section class=\"acf\/boxes-grid module relative only:py-20 bg-white\" >\n    \n  <div class=\"gutter-x py-15\">\n    <div class=\"container\">\n\n      \n      <div class=\"grid grid-cols-6 gap-8 place-content-center\">\n\n                  <div class=\"col-span-6 md:col-span-3 lg:col-span-2 flex\">\n            <article class=\"relative flex flex-col justify-between bg-white py-7 px-8 rounded shadow overflow-hidden border border-gray-light\">\n              <div>\n                <div class=\"flex items-start justify-between gap-2\">\n                  <h1 class=\"heading-2 text-yellow\">KLASSEN 1-4<\/h1>\n                                  <\/div>\n\n                                  <div class=\"wysiwyg mt-8\">\n                    <p><strong>Vorkriegs\u00a0&#038; Oldtimer<\/strong><br \/>\n(1900 &#8211; 1979)<\/p>\n<p>Automobile von au\u00dfergew\u00f6hnlichem historischem und sammlertypischem Interesse, darunter Pionierfahrzeuge, Vorkriegsfahrzeuge und die gro\u00dfen Ikonen der Nachkriegszeit.<\/p>\n\n                  <\/div>\n                              <\/div>\n\n              \n            <\/article>\n          <\/div>\n                  <div class=\"col-span-6 md:col-span-3 lg:col-span-2 flex\">\n            <article class=\"relative flex flex-col justify-between bg-white py-7 px-8 rounded shadow overflow-hidden border border-gray-light\">\n              <div>\n                <div class=\"flex items-start justify-between gap-2\">\n                  <h1 class=\"heading-2 text-yellow\">KLASSE 5<\/h1>\n                                  <\/div>\n\n                                  <div class=\"wysiwyg mt-8\">\n                    <p><strong>Youngtimer &amp; Supercar<\/strong><br \/>\n(1980 &#8211; 2025)<\/p>\n<p>Eine Auswahl der bedeutendsten Youngtimer-, Supercar- und Hypercar-Fahrzeuge, die die letzten Jahrzehnte gepr\u00e4gt haben.<\/p>\n\n                  <\/div>\n                              <\/div>\n\n              \n            <\/article>\n          <\/div>\n                  <div class=\"col-span-6 md:col-span-3 lg:col-span-2 flex\">\n            <article class=\"relative flex flex-col justify-between bg-white py-7 px-8 rounded shadow overflow-hidden border border-gray-light\">\n              <div>\n                <div class=\"flex items-start justify-between gap-2\">\n                  <h1 class=\"heading-2 text-yellow\">KLASSE 6<\/h1>\n                                      <img decoding=\"async\" src=\"https:\/\/luganoelegance.com\/wp-content\/uploads\/rarissima.jpg\" alt=\"rarissima\" class=\"max-w-20 absolute top-0 right-0 rounded-bl\">\n                                  <\/div>\n\n                                  <div class=\"wysiwyg mt-8\">\n                    <p><strong>Rarissima<\/strong><\/p>\n<p>Sonderklasse f\u00fcr Automobile, die in sehr wenigen oder einzigartigen Exemplaren gebaut wurden und die seltensten Ausdrucksformen der Automobilgeschichte repr\u00e4sentieren.<\/p>\n\n                  <\/div>\n                              <\/div>\n\n              \n            <\/article>\n          <\/div>\n        \n      <\/div>\n    <\/div>\n    <\/section>\n\n\n\n\n<section class=\"acf\/gallery module relative only:py-20 bg-white\" >\n    \n  \n    \n    <div class=\"gutter-x overflow-hidden py-15\">\n\n      \n              <div class=\"container\">\n          <div class=\"gallery-slider relative\">\n            <div class=\"swiper-wrapper z-0\">\n                                                <div class=\"swiper-slide group\">\n                    <a href=\"https:\/\/luganoelegance.com\/wp-content\/uploads\/judges-57-1536x1152.jpg\" data-fslightbox=\"gallery-59447\" class=\"block w-full\">\n                      <figure class=\"block w-full overflow-hidden rounded aspect-[2\/1] transition-default opacity-50 group-[&#038;.swiper-slide-active]:opacity-100 h-full\">\n  <picture class=\"block h-full w-full \">\n    <source srcset=\"https:\/\/luganoelegance.com\/wp-content\/uploads\/judges-57-300x225.jpg 300w, https:\/\/luganoelegance.com\/wp-content\/uploads\/judges-57-1024x768.jpg 1024w, https:\/\/luganoelegance.com\/wp-content\/uploads\/judges-57-768x576.jpg 768w, https:\/\/luganoelegance.com\/wp-content\/uploads\/judges-57-1536x1152.jpg 1536w, https:\/\/luganoelegance.com\/wp-content\/uploads\/judges-57.jpg 1920w\" sizes=\"100wv\" \/>\n    <img decoding=\"async\" src=\"https:\/\/luganoelegance.com\/wp-content\/uploads\/judges-57-1024x768.jpg\" alt=\"image\" class=\"object-cover object-center w-full h-full\" \/>\n  <\/picture>\n<\/figure>\n                    <\/a>\n                  <\/div>\n                                                                <div class=\"swiper-slide group\">\n                    <a href=\"https:\/\/luganoelegance.com\/wp-content\/uploads\/judges-61-1024x1536.jpg\" data-fslightbox=\"gallery-59447\" class=\"block w-full\">\n                      <figure class=\"block w-full overflow-hidden rounded aspect-[2\/1] transition-default opacity-50 group-[&#038;.swiper-slide-active]:opacity-100 h-full\">\n  <picture class=\"block h-full w-full \">\n    <source srcset=\"https:\/\/luganoelegance.com\/wp-content\/uploads\/judges-61-200x300.jpg 200w, https:\/\/luganoelegance.com\/wp-content\/uploads\/judges-61-683x1024.jpg 683w, https:\/\/luganoelegance.com\/wp-content\/uploads\/judges-61-768x1152.jpg 768w, https:\/\/luganoelegance.com\/wp-content\/uploads\/judges-61-1024x1536.jpg 1024w, https:\/\/luganoelegance.com\/wp-content\/uploads\/judges-61-1366x2048.jpg 1366w, https:\/\/luganoelegance.com\/wp-content\/uploads\/judges-61-scaled.jpg 1707w\" sizes=\"100wv\" \/>\n    <img decoding=\"async\" src=\"https:\/\/luganoelegance.com\/wp-content\/uploads\/judges-61-683x1024.jpg\" alt=\"image\" class=\"object-cover object-center w-full h-full\" \/>\n  <\/picture>\n<\/figure>\n                    <\/a>\n                  <\/div>\n                                                                <div class=\"swiper-slide group\">\n                    <a href=\"https:\/\/luganoelegance.com\/wp-content\/uploads\/judges-69-1536x1024.jpg\" data-fslightbox=\"gallery-59447\" class=\"block w-full\">\n                      <figure class=\"block w-full overflow-hidden rounded aspect-[2\/1] transition-default opacity-50 group-[&#038;.swiper-slide-active]:opacity-100 h-full\">\n  <picture class=\"block h-full w-full \">\n    <source srcset=\"https:\/\/luganoelegance.com\/wp-content\/uploads\/judges-69-300x200.jpg 300w, https:\/\/luganoelegance.com\/wp-content\/uploads\/judges-69-1024x683.jpg 1024w, https:\/\/luganoelegance.com\/wp-content\/uploads\/judges-69-768x512.jpg 768w, https:\/\/luganoelegance.com\/wp-content\/uploads\/judges-69-1536x1024.jpg 1536w, https:\/\/luganoelegance.com\/wp-content\/uploads\/judges-69.jpg 1920w\" sizes=\"100wv\" \/>\n    <img decoding=\"async\" src=\"https:\/\/luganoelegance.com\/wp-content\/uploads\/judges-69-1024x683.jpg\" alt=\"image\" class=\"object-cover object-center w-full h-full\" \/>\n  <\/picture>\n<\/figure>\n                    <\/a>\n                  <\/div>\n                                                                <div class=\"swiper-slide group\">\n                    <a href=\"https:\/\/luganoelegance.com\/wp-content\/uploads\/judges-114-1536x1024.jpg\" data-fslightbox=\"gallery-59447\" class=\"block w-full\">\n                      <figure class=\"block w-full overflow-hidden rounded aspect-[2\/1] transition-default opacity-50 group-[&#038;.swiper-slide-active]:opacity-100 h-full\">\n  <picture class=\"block h-full w-full \">\n    <source srcset=\"https:\/\/luganoelegance.com\/wp-content\/uploads\/judges-114-300x200.jpg 300w, https:\/\/luganoelegance.com\/wp-content\/uploads\/judges-114-1024x683.jpg 1024w, https:\/\/luganoelegance.com\/wp-content\/uploads\/judges-114-768x512.jpg 768w, https:\/\/luganoelegance.com\/wp-content\/uploads\/judges-114-1536x1024.jpg 1536w, https:\/\/luganoelegance.com\/wp-content\/uploads\/judges-114.jpg 1920w\" sizes=\"100wv\" \/>\n    <img decoding=\"async\" src=\"https:\/\/luganoelegance.com\/wp-content\/uploads\/judges-114-1024x683.jpg\" alt=\"image\" class=\"object-cover object-center w-full h-full\" \/>\n  <\/picture>\n<\/figure>\n                    <\/a>\n                  <\/div>\n                                                                <div class=\"swiper-slide group\">\n                    <a href=\"https:\/\/luganoelegance.com\/wp-content\/uploads\/judges-86-1536x1024.jpg\" data-fslightbox=\"gallery-59447\" class=\"block w-full\">\n                      <figure class=\"block w-full overflow-hidden rounded aspect-[2\/1] transition-default opacity-50 group-[&#038;.swiper-slide-active]:opacity-100 h-full\">\n  <picture class=\"block h-full w-full \">\n    <source srcset=\"https:\/\/luganoelegance.com\/wp-content\/uploads\/judges-86-300x200.jpg 300w, https:\/\/luganoelegance.com\/wp-content\/uploads\/judges-86-1024x683.jpg 1024w, https:\/\/luganoelegance.com\/wp-content\/uploads\/judges-86-768x512.jpg 768w, https:\/\/luganoelegance.com\/wp-content\/uploads\/judges-86-1536x1024.jpg 1536w, https:\/\/luganoelegance.com\/wp-content\/uploads\/judges-86.jpg 1920w\" sizes=\"100wv\" \/>\n    <img decoding=\"async\" src=\"https:\/\/luganoelegance.com\/wp-content\/uploads\/judges-86-1024x683.jpg\" alt=\"image\" class=\"object-cover object-center w-full h-full\" \/>\n  <\/picture>\n<\/figure>\n                    <\/a>\n                  <\/div>\n                                                                <div class=\"swiper-slide group\">\n                    <a href=\"https:\/\/luganoelegance.com\/wp-content\/uploads\/judges-63-1536x1152.jpg\" data-fslightbox=\"gallery-59447\" class=\"block w-full\">\n                      <figure class=\"block w-full overflow-hidden rounded aspect-[2\/1] transition-default opacity-50 group-[&#038;.swiper-slide-active]:opacity-100 h-full\">\n  <picture class=\"block h-full w-full \">\n    <source srcset=\"https:\/\/luganoelegance.com\/wp-content\/uploads\/judges-63-300x225.jpg 300w, https:\/\/luganoelegance.com\/wp-content\/uploads\/judges-63-1024x768.jpg 1024w, https:\/\/luganoelegance.com\/wp-content\/uploads\/judges-63-768x576.jpg 768w, https:\/\/luganoelegance.com\/wp-content\/uploads\/judges-63-1536x1152.jpg 1536w, https:\/\/luganoelegance.com\/wp-content\/uploads\/judges-63.jpg 1920w\" sizes=\"100wv\" \/>\n    <img decoding=\"async\" src=\"https:\/\/luganoelegance.com\/wp-content\/uploads\/judges-63-1024x768.jpg\" alt=\"image\" class=\"object-cover object-center w-full h-full\" \/>\n  <\/picture>\n<\/figure>\n                    <\/a>\n                  <\/div>\n                                                                <div class=\"swiper-slide group\">\n                    <a href=\"https:\/\/luganoelegance.com\/wp-content\/uploads\/judges-115-1536x1024.jpg\" data-fslightbox=\"gallery-59447\" class=\"block w-full\">\n                      <figure class=\"block w-full overflow-hidden rounded aspect-[2\/1] transition-default opacity-50 group-[&#038;.swiper-slide-active]:opacity-100 h-full\">\n  <picture class=\"block h-full w-full \">\n    <source srcset=\"https:\/\/luganoelegance.com\/wp-content\/uploads\/judges-115-300x200.jpg 300w, https:\/\/luganoelegance.com\/wp-content\/uploads\/judges-115-1024x683.jpg 1024w, https:\/\/luganoelegance.com\/wp-content\/uploads\/judges-115-768x512.jpg 768w, https:\/\/luganoelegance.com\/wp-content\/uploads\/judges-115-1536x1024.jpg 1536w, https:\/\/luganoelegance.com\/wp-content\/uploads\/judges-115.jpg 1920w\" sizes=\"100wv\" \/>\n    <img decoding=\"async\" src=\"https:\/\/luganoelegance.com\/wp-content\/uploads\/judges-115-1024x683.jpg\" alt=\"image\" class=\"object-cover object-center w-full h-full\" \/>\n  <\/picture>\n<\/figure>\n                    <\/a>\n                  <\/div>\n                                                                <div class=\"swiper-slide group\">\n                    <a href=\"https:\/\/luganoelegance.com\/wp-content\/uploads\/judges-137-1536x1152.jpg\" data-fslightbox=\"gallery-59447\" class=\"block w-full\">\n                      <figure class=\"block w-full overflow-hidden rounded aspect-[2\/1] transition-default opacity-50 group-[&#038;.swiper-slide-active]:opacity-100 h-full\">\n  <picture class=\"block h-full w-full \">\n    <source srcset=\"https:\/\/luganoelegance.com\/wp-content\/uploads\/judges-137-300x225.jpg 300w, https:\/\/luganoelegance.com\/wp-content\/uploads\/judges-137-1024x768.jpg 1024w, https:\/\/luganoelegance.com\/wp-content\/uploads\/judges-137-768x576.jpg 768w, https:\/\/luganoelegance.com\/wp-content\/uploads\/judges-137-1536x1152.jpg 1536w, https:\/\/luganoelegance.com\/wp-content\/uploads\/judges-137.jpg 1920w\" sizes=\"100wv\" \/>\n    <img decoding=\"async\" src=\"https:\/\/luganoelegance.com\/wp-content\/uploads\/judges-137-1024x768.jpg\" alt=\"image\" class=\"object-cover object-center w-full h-full\" \/>\n  <\/picture>\n<\/figure>\n                    <\/a>\n                  <\/div>\n                                          <\/div>\n                          <div class=\"swiper-prev w-8 h-8 block absolute top-1\/2 -mt-4 left-3 xl:-left-16 opacity-60 hover:opacity-100 bg-center bg-no-repeat z-10 cursor-pointer [&#038;.swiper-button-disabled]:opacity-30 [&#038;.swiper-button-disabled]:cursor-default rotate-180\"><\/div>\n              <div class=\"swiper-next w-8 h-8 block absolute top-1\/2 -mt-4 right-3 xl:-right-16 opacity-60 hover:opacity-100 bg-center bg-no-repeat z-10 cursor-pointer [&#038;.swiper-button-disabled]:opacity-30 [&#038;.swiper-button-disabled]:cursor-default\"><\/div>\n                      <\/div>\n        <\/div>\n          <\/div>\n\n    <\/section>\n\n\n","protected":false},"excerpt":{"rendered":"","protected":false},"author":5,"featured_media":0,"parent":0,"menu_order":0,"comment_status":"closed","ping_status":"closed","template":"","meta":{"_acf_changed":false,"inline_featured_image":false,"footnotes":""},"class_list":["post-4065","page","type-page","status-publish","hentry"],"acf":[],"yoast_head":"<!-- This site is optimized with the Yoast SEO plugin v27.4 - https:\/\/yoast.com\/product\/yoast-seo-wordpress\/ -->\n<title>Klassen - Lugano Elegance<\/title>\n<meta name=\"robots\" content=\"index, follow, max-snippet:-1, max-image-preview:large, max-video-preview:-1\" \/>\n<link rel=\"canonical\" href=\"https:\/\/luganoelegance.com\/de\/klassen\/\" \/>\n<meta property=\"og:locale\" content=\"de_DE\" \/>\n<meta property=\"og:type\" content=\"article\" \/>\n<meta property=\"og:title\" content=\"Klassen - Lugano Elegance\" \/>\n<meta property=\"og:url\" content=\"https:\/\/luganoelegance.com\/de\/klassen\/\" \/>\n<meta property=\"og:site_name\" content=\"Lugano Elegance\" \/>\n<meta property=\"article:modified_time\" content=\"2026-04-09T14:50:09+00:00\" \/>\n<meta name=\"twitter:card\" content=\"summary_large_image\" \/>\n<script type=\"application\/ld+json\" class=\"yoast-schema-graph\">{\"@context\":\"https:\\\/\\\/schema.org\",\"@graph\":[{\"@type\":\"WebPage\",\"@id\":\"https:\\\/\\\/luganoelegance.com\\\/de\\\/klassen\\\/\",\"url\":\"https:\\\/\\\/luganoelegance.com\\\/de\\\/klassen\\\/\",\"name\":\"Klassen - Lugano Elegance\",\"isPartOf\":{\"@id\":\"https:\\\/\\\/luganoelegance.com\\\/#website\"},\"datePublished\":\"2025-09-23T09:38:29+00:00\",\"dateModified\":\"2026-04-09T14:50:09+00:00\",\"breadcrumb\":{\"@id\":\"https:\\\/\\\/luganoelegance.com\\\/de\\\/klassen\\\/#breadcrumb\"},\"inLanguage\":\"de\",\"potentialAction\":[{\"@type\":\"ReadAction\",\"target\":[\"https:\\\/\\\/luganoelegance.com\\\/de\\\/klassen\\\/\"]}]},{\"@type\":\"BreadcrumbList\",\"@id\":\"https:\\\/\\\/luganoelegance.com\\\/de\\\/klassen\\\/#breadcrumb\",\"itemListElement\":[{\"@type\":\"ListItem\",\"position\":1,\"name\":\"Home\",\"item\":\"https:\\\/\\\/luganoelegance.com\\\/de\\\/\"},{\"@type\":\"ListItem\",\"position\":2,\"name\":\"Klassen\"}]},{\"@type\":\"WebSite\",\"@id\":\"https:\\\/\\\/luganoelegance.com\\\/#website\",\"url\":\"https:\\\/\\\/luganoelegance.com\\\/\",\"name\":\"Lugano Elegance\",\"description\":\"\",\"potentialAction\":[{\"@type\":\"SearchAction\",\"target\":{\"@type\":\"EntryPoint\",\"urlTemplate\":\"https:\\\/\\\/luganoelegance.com\\\/?s={search_term_string}\"},\"query-input\":{\"@type\":\"PropertyValueSpecification\",\"valueRequired\":true,\"valueName\":\"search_term_string\"}}],\"inLanguage\":\"de\"}]}<\/script>\n<!-- \/ Yoast SEO plugin. -->","yoast_head_json":{"title":"Klassen - Lugano Elegance","robots":{"index":"index","follow":"follow","max-snippet":"max-snippet:-1","max-image-preview":"max-image-preview:large","max-video-preview":"max-video-preview:-1"},"canonical":"https:\/\/luganoelegance.com\/de\/klassen\/","og_locale":"de_DE","og_type":"article","og_title":"Klassen - Lugano Elegance","og_url":"https:\/\/luganoelegance.com\/de\/klassen\/","og_site_name":"Lugano Elegance","article_modified_time":"2026-04-09T14:50:09+00:00","twitter_card":"summary_large_image","schema":{"@context":"https:\/\/schema.org","@graph":[{"@type":"WebPage","@id":"https:\/\/luganoelegance.com\/de\/klassen\/","url":"https:\/\/luganoelegance.com\/de\/klassen\/","name":"Klassen - Lugano Elegance","isPartOf":{"@id":"https:\/\/luganoelegance.com\/#website"},"datePublished":"2025-09-23T09:38:29+00:00","dateModified":"2026-04-09T14:50:09+00:00","breadcrumb":{"@id":"https:\/\/luganoelegance.com\/de\/klassen\/#breadcrumb"},"inLanguage":"de","potentialAction":[{"@type":"ReadAction","target":["https:\/\/luganoelegance.com\/de\/klassen\/"]}]},{"@type":"BreadcrumbList","@id":"https:\/\/luganoelegance.com\/de\/klassen\/#breadcrumb","itemListElement":[{"@type":"ListItem","position":1,"name":"Home","item":"https:\/\/luganoelegance.com\/de\/"},{"@type":"ListItem","position":2,"name":"Klassen"}]},{"@type":"WebSite","@id":"https:\/\/luganoelegance.com\/#website","url":"https:\/\/luganoelegance.com\/","name":"Lugano Elegance","description":"","potentialAction":[{"@type":"SearchAction","target":{"@type":"EntryPoint","urlTemplate":"https:\/\/luganoelegance.com\/?s={search_term_string}"},"query-input":{"@type":"PropertyValueSpecification","valueRequired":true,"valueName":"search_term_string"}}],"inLanguage":"de"}]}},"_links":{"self":[{"href":"https:\/\/luganoelegance.com\/de\/wp-json\/wp\/v2\/pages\/4065","targetHints":{"allow":["GET"]}}],"collection":[{"href":"https:\/\/luganoelegance.com\/de\/wp-json\/wp\/v2\/pages"}],"about":[{"href":"https:\/\/luganoelegance.com\/de\/wp-json\/wp\/v2\/types\/page"}],"author":[{"embeddable":true,"href":"https:\/\/luganoelegance.com\/de\/wp-json\/wp\/v2\/users\/5"}],"replies":[{"embeddable":true,"href":"https:\/\/luganoelegance.com\/de\/wp-json\/wp\/v2\/comments?post=4065"}],"version-history":[{"count":13,"href":"https:\/\/luganoelegance.com\/de\/wp-json\/wp\/v2\/pages\/4065\/revisions"}],"predecessor-version":[{"id":4782,"href":"https:\/\/luganoelegance.com\/de\/wp-json\/wp\/v2\/pages\/4065\/revisions\/4782"}],"wp:attachment":[{"href":"https:\/\/luganoelegance.com\/de\/wp-json\/wp\/v2\/media?parent=4065"}],"curies":[{"name":"wp","href":"https:\/\/api.w.org\/{rel}","templated":true}]}}