{"id":4719,"date":"2026-03-22T10:27:51","date_gmt":"2026-03-22T09:27:51","guid":{"rendered":"https:\/\/luganoelegance.com\/junior-grand-prix\/"},"modified":"2026-04-22T18:19:34","modified_gmt":"2026-04-22T16:19:34","slug":"junior-grand-prix","status":"publish","type":"page","link":"https:\/\/luganoelegance.com\/de\/junior-grand-prix\/","title":{"rendered":"Junior Grand Prix"},"content":{"rendered":"<section class=\"acf\/boxes-grid module relative only:py-20 bg-white-light-warm\" >\n    \n  <div class=\"gutter-x py-15\">\n    <div class=\"container\">\n\n      <div class=\"mb-10\">\n    <div class=\"max-w-2xl mx-auto \">\n    \n    \n          <div class=\"flex items-center gap-3 mb-5 last:mb-0 justify-center\">\n        \n                                            \n          <h2 class=\"font-700 font-display heading-2 text-center text-yellow\">\n            Anmeldeformular<br \/>\r\nJunior Grand Prix<br \/>\r\n<span>Samstag, 23. Mai 2026<\/span>\n          <\/h2>\n              <\/div>\n    \n          <div class=\"wysiwyg max-w-2xl mx-auto text-center\">\n        <p>9:00 &#8211; 13:30 Uhr | Piazza Carlo Battaglini, Lugano<\/p>\n<p>Teilnahmegeb\u00fchr: <strong>CHF 100.-<\/strong> (inkl. MwSt.)<\/p>\n<p>Die Startgeb\u00fchr umfasst die unten aufgef\u00fchrten Leistungen f\u00fcr ein Team bestehend aus einem Kind (im Alter zwischen 6 und 10 Jahren) und einem Elternteil \/ einer Begleitperson.<\/p>\n<p>Jeder grosse Rennfahrer erinnert sich an sein erstes Rennen. Am Morgen des Samstags, 23. Mai, gehen die j\u00fcngsten Teilnehmer der Lugano Elegance auf der Via Nassa f\u00fcr den Junior Grand Prix an den Start. Ein echtes Rennen auf einer der ikonischsten Strassen der Schweiz.<\/p>\n<p>Kinder im Alter von 6 bis 10 Jahren qualifizieren sich, stellen sich am Start auf und k\u00e4mpfen um die Zielflagge. Wenn das Rennen vorbei ist, nehmen sie das Kart mit nach Hause. Mittagessen, Kinderschminken und Schokolade aus einem lokalen Gesch\u00e4ft sind f\u00fcr alle Teams inklusive.<\/p>\n<p>Melden Sie Ihren jungen Fahrer unten an.<br \/>\nDie Pl\u00e4tze sind begrenzt.<\/p>\n\n      <\/div>\n    \n    \n    \n  <\/div>\n  <\/div>\n\n      <div class=\"grid grid-cols-6 gap-8 place-content-center\">\n\n                  <div class=\"col-span-6 md:col-span-3 lg:col-span-2 flex\">\n            <article class=\"relative flex flex-col justify-between bg-white py-7 px-8 rounded shadow overflow-hidden border border-gray-light\">\n              <div>\n                <div class=\"flex items-start justify-between gap-2\">\n                  <h1 class=\"heading-2 text-yellow\">Gastfreundschaft<\/h1>\n                                  <\/div>\n\n                                  <div class=\"wysiwyg mt-8\">\n                    <ul>\n<li>Tretauto zum Mitnehmen f\u00fcr Ihr Kind<\/li>\n<li>Zwei kostenlose Food-Truck-Mittagessen auf der Piazza<\/li>\n<li>Das Kind klebt die mitgelieferten Sticker auf sein Rennauto<\/li>\n<\/ul>\n\n                  <\/div>\n                              <\/div>\n\n              \n            <\/article>\n          <\/div>\n                  <div class=\"col-span-6 md:col-span-3 lg:col-span-2 flex\">\n            <article class=\"relative flex flex-col justify-between bg-white py-7 px-8 rounded shadow overflow-hidden border border-gray-light\">\n              <div>\n                <div class=\"flex items-start justify-between gap-2\">\n                  <h1 class=\"heading-2 text-yellow\">Veranstaltung<\/h1>\n                                  <\/div>\n\n                                  <div class=\"wysiwyg mt-8\">\n                    <ul>\n<li>Tretauto-Rennen auf einem Stadtkurs<\/li>\n<li>Medaille f\u00fcr jedes Kind<\/li>\n<li>Paddock-P\u00e4sse f\u00fcr ein Team<\/li>\n<\/ul>\n\n                  <\/div>\n                              <\/div>\n\n              \n            <\/article>\n          <\/div>\n                  <div class=\"col-span-6 md:col-span-3 lg:col-span-2 flex\">\n            <article class=\"relative flex flex-col justify-between bg-white py-7 px-8 rounded shadow overflow-hidden border border-gray-light\">\n              <div>\n                <div class=\"flex items-start justify-between gap-2\">\n                  <h1 class=\"heading-2 text-yellow\">Erinnerungen<\/h1>\n                                  <\/div>\n\n                                  <div class=\"wysiwyg mt-8\">\n                    <ul>\n<li>Zugang zum Online-Fotoalbum<\/li>\n<li>Siegerehrung auf der Hauptb\u00fchne nach dem Rennen<\/li>\n<li>Unvergessliches Rennerlebnis durch die Via Nassa<\/li>\n<\/ul>\n\n                  <\/div>\n                              <\/div>\n\n              \n            <\/article>\n          <\/div>\n        \n      <\/div>\n    <\/div>\n    <\/section>\n\n\n\n\n<section class=\"acf\/form module relative only:py-20 bg-white\" >\n      <div class=\"gutter-x pb-15\">\n    <div class=\"container max-w-3xl\">\n                  <div class=\"form mt-15\">\n                  \n<div class=\"wpcf7 no-js\" id=\"wpcf7-f4708-o1\" lang=\"de-DE\" dir=\"ltr\" data-wpcf7-id=\"4708\">\n<div class=\"screen-reader-response\"><p role=\"status\" aria-live=\"polite\" aria-atomic=\"true\"><\/p> <ul><\/ul><\/div>\n<form action=\"\/de\/wp-json\/wp\/v2\/pages\/4719#wpcf7-f4708-o1\" method=\"post\" class=\"wpcf7-form init\" aria-label=\"Kontaktformular\" novalidate=\"novalidate\" data-status=\"init\">\n<fieldset class=\"hidden-fields-container\"><input type=\"hidden\" name=\"_wpcf7\" value=\"4708\" \/><input type=\"hidden\" name=\"_wpcf7_version\" value=\"6.1.5\" \/><input type=\"hidden\" name=\"_wpcf7_locale\" value=\"de_DE\" \/><input type=\"hidden\" name=\"_wpcf7_unit_tag\" value=\"wpcf7-f4708-o1\" \/><input type=\"hidden\" name=\"_wpcf7_container_post\" value=\"0\" \/><input type=\"hidden\" name=\"_wpcf7_posted_data_hash\" value=\"\" \/><input type=\"hidden\" name=\"_uacf7_hidden_conditional_fields\" value=\"\" \/><input type=\"hidden\" name=\"_wpcf7_recaptcha_response\" value=\"\" \/>\n<\/fieldset>\n<div class=\"uacf7-form-wrapper-container uacf7-form-4708  \"><fieldset class=\"pb-5 mb-5\">\n  <h3 class=\"text-h3 mb-6\">Elternteil \/ Erziehungs&shy;berechtigter<\/h3>\n  <div class=\"grid grid-cols-12 gap-4\">\n\n    <div class=\"col-span-6 flex items-end\">\n      <label>\n        <span class=\"block text-small uppercase mb-1\">Vorname *<\/span>\n        <span class=\"wpcf7-form-control-wrap\" data-name=\"fname\"><input size=\"40\" maxlength=\"400\" class=\"wpcf7-form-control wpcf7-text wpcf7-validates-as-required\" autocomplete=\"name\" aria-required=\"true\" aria-invalid=\"false\" value=\"\" type=\"text\" name=\"fname\" \/><\/span>\n      <\/label>\n    <\/div>\n    <div class=\"col-span-6 flex items-end\">\n      <label>\n        <span class=\"block text-small uppercase mb-1\">Nachname *<\/span>\n        <span class=\"wpcf7-form-control-wrap\" data-name=\"lname\"><input size=\"40\" maxlength=\"400\" class=\"wpcf7-form-control wpcf7-text wpcf7-validates-as-required\" autocomplete=\"surname\" aria-required=\"true\" aria-invalid=\"false\" value=\"\" type=\"text\" name=\"lname\" \/><\/span>\n      <\/label>\n    <\/div>\n\n    <div class=\"col-span-6 flex items-end\">\n      <label>\n        <span class=\"block text-small uppercase mb-1\">E-mail *<\/span>\n        <span class=\"wpcf7-form-control-wrap\" data-name=\"email\"><input size=\"40\" maxlength=\"400\" class=\"wpcf7-form-control wpcf7-email wpcf7-validates-as-required wpcf7-text wpcf7-validates-as-email\" autocomplete=\"email\" aria-required=\"true\" aria-invalid=\"false\" value=\"\" type=\"email\" name=\"email\" \/><\/span>\n      <\/label>\n    <\/div>\n    <div class=\"col-span-6 flex items-end\">\n      <label>\n        <span class=\"block text-small uppercase mb-1\">Telefonnummer *<\/span>\n        <span class=\"wpcf7-form-control-wrap\" data-name=\"telephone\"><input size=\"40\" maxlength=\"400\" class=\"wpcf7-form-control wpcf7-tel wpcf7-validates-as-required wpcf7-text wpcf7-validates-as-tel\" aria-required=\"true\" aria-invalid=\"false\" value=\"\" type=\"tel\" name=\"telephone\" \/><\/span>\n      <\/label>\n    <\/div>\n\n    <div class=\"col-span-8 md:col-span-10 flex items-end\">\n      <label>\n        <span class=\"block text-small uppercase mb-1\">Adresse *<\/span>\n        <span class=\"wpcf7-form-control-wrap\" data-name=\"address-street\"><input size=\"40\" maxlength=\"400\" class=\"wpcf7-form-control wpcf7-text wpcf7-validates-as-required\" aria-required=\"true\" aria-invalid=\"false\" value=\"\" type=\"text\" name=\"address-street\" \/><\/span>\n      <\/label>\n    <\/div>\n    <div class=\"col-span-4 md:col-span-2 flex items-end\">\n      <label>\n        <span class=\"block text-small uppercase mb-1\">N. *<\/span>\n        <span class=\"wpcf7-form-control-wrap\" data-name=\"address-number\"><input size=\"40\" maxlength=\"400\" class=\"wpcf7-form-control wpcf7-text wpcf7-validates-as-required\" aria-required=\"true\" aria-invalid=\"false\" value=\"\" type=\"text\" name=\"address-number\" \/><\/span>\n      <\/label>\n    <\/div>\n\n    <div class=\"col-span-4 md:col-span-3 flex items-end\">\n      <label>\n        <span class=\"block text-small uppercase mb-1\">Postleitzahl *<\/span>\n        <span class=\"wpcf7-form-control-wrap\" data-name=\"address-zip\"><input size=\"40\" maxlength=\"400\" class=\"wpcf7-form-control wpcf7-text wpcf7-validates-as-required\" aria-required=\"true\" aria-invalid=\"false\" value=\"\" type=\"text\" name=\"address-zip\" \/><\/span>\n      <\/label>\n    <\/div>\n    <div class=\"col-span-8 md:col-span-5 flex items-end\">\n      <label>\n        <span class=\"block text-small uppercase mb-1\">Stadt *<\/span>\n        <span class=\"wpcf7-form-control-wrap\" data-name=\"address-city\"><input size=\"40\" maxlength=\"400\" class=\"wpcf7-form-control wpcf7-text wpcf7-validates-as-required\" aria-required=\"true\" aria-invalid=\"false\" value=\"\" type=\"text\" name=\"address-city\" \/><\/span>\n      <\/label>\n    <\/div>\n    <div class=\"col-span-12 md:col-span-4 flex items-end\">\n      <label>\n        <span class=\"block text-small uppercase mb-1\">Land *<\/span>\n        \n\t\t\n\t\t\t<span id=\"uacf7_country_select\" class=\"wpcf7-form-control-wrap  address-country\">\n\n\t\t\t\t<input id=\"uacf7_countries_address-country\" type=\"text\" class=\"wpcf7-form-control wpcf7-uacf7_country_dropdown wpcf7-validates-as-required uacf7_country_dropdown_with_flag\" aria-required=\"true\" aria-invalid=\"false\" name=\"address-country\">\n\n\t\t\t\t<span> <\/span>\n\n\t\t\t\t<div style=\"display:none;\">\n\t\t\t\t\t<input type=\"hidden\" id=\"uacf7_countries_address-country_code\" data-countrycodeinput=\"1\"\n\t\t\t\t\t\treadonly=\"readonly\" placeholder=\"Selected country code will appear here\" \/>\n\t\t\t\t<\/div>\n\n\t\t\t<\/span>\n\t\t\n      <\/label>\n    <\/div>\n\n    <div class=\"col-span-12 flex items-end\">\n      <label>\n        <span class=\"block text-small uppercase mb-1\">Nahrungsmittel&shy;unvertr\u00e4glichkeiten und Di\u00e4t<\/span>\n        <span class=\"wpcf7-form-control-wrap\" data-name=\"food\"><input size=\"40\" maxlength=\"400\" class=\"wpcf7-form-control wpcf7-text\" aria-invalid=\"false\" value=\"\" type=\"text\" name=\"food\" \/><\/span>\n      <\/label>\n    <\/div>\n\n  <\/div>\n<\/fieldset>\n\n<fieldset class=\"pb-5 mb-5\">\n  <h3 class=\"text-h3 mb-6\">Kind<\/h3>\n  <div class=\"grid grid-cols-12 gap-4\">\n\n    <div class=\"col-span-6 flex items-end\">\n      <label>\n        <span class=\"block text-small uppercase mb-1\">Vorname *<\/span>\n        <span class=\"wpcf7-form-control-wrap\" data-name=\"child-fname\"><input size=\"40\" maxlength=\"400\" class=\"wpcf7-form-control wpcf7-text wpcf7-validates-as-required\" autocomplete=\"name\" aria-required=\"true\" aria-invalid=\"false\" value=\"\" type=\"text\" name=\"child-fname\" \/><\/span>\n      <\/label>\n    <\/div>\n    <div class=\"col-span-6 flex items-end\">\n      <label>\n        <span class=\"block text-small uppercase mb-1\">Nachname *<\/span>\n        <span class=\"wpcf7-form-control-wrap\" data-name=\"child-lname\"><input size=\"40\" maxlength=\"400\" class=\"wpcf7-form-control wpcf7-text wpcf7-validates-as-required\" autocomplete=\"surname\" aria-required=\"true\" aria-invalid=\"false\" value=\"\" type=\"text\" name=\"child-lname\" \/><\/span>\n      <\/label>\n    <\/div>\n\n    <div class=\"col-span-6 flex items-end\">\n      <label>\n        <span class=\"block text-small uppercase mb-1\">Alter des Kindes *<\/span>\n        <span class=\"wpcf7-form-control-wrap\" data-name=\"child-age\"><input size=\"40\" maxlength=\"400\" class=\"wpcf7-form-control wpcf7-text wpcf7-validates-as-required\" aria-required=\"true\" aria-invalid=\"false\" value=\"\" type=\"text\" name=\"child-age\" \/><\/span>\n      <\/label>\n    <\/div>\n    <div class=\"col-span-6 flex items-end\">\n      <label>\n        <span class=\"block text-small uppercase mb-1\">Schulklasse \/ Jahrgang <\/span>\n        <span class=\"wpcf7-form-control-wrap\" data-name=\"child-grade\"><input size=\"40\" maxlength=\"400\" class=\"wpcf7-form-control wpcf7-text\" aria-invalid=\"false\" value=\"\" type=\"text\" name=\"child-grade\" \/><\/span>\n      <\/label>\n    <\/div>\n\n    <div class=\"col-span-12 flex items-end\">\n      <label>\n        <span class=\"block text-small uppercase mb-1\">Schulname *<\/span>\n        <span class=\"wpcf7-form-control-wrap\" data-name=\"child-school\"><input size=\"40\" maxlength=\"400\" class=\"wpcf7-form-control wpcf7-text wpcf7-validates-as-required\" aria-required=\"true\" aria-invalid=\"false\" value=\"\" type=\"text\" name=\"child-school\" \/><\/span>\n      <\/label>\n    <\/div>\n\n    <div class=\"col-span-12 flex items-end\">\n      <label>\n        <span class=\"block text-small uppercase mb-1\">Nahrungsmittel&shy;unvertr\u00e4glichkeiten und Di\u00e4t<\/span>\n        <span class=\"wpcf7-form-control-wrap\" data-name=\"child-food\"><input size=\"40\" maxlength=\"400\" class=\"wpcf7-form-control wpcf7-text\" aria-invalid=\"false\" value=\"\" type=\"text\" name=\"child-food\" \/><\/span>\n      <\/label>\n    <\/div>\n\n  <\/div>\n<\/fieldset>\n\n<fieldset class=\"pb-5 mb-5\">\n  <h3 class=\"text-h3 mb-6\">Weitere Familienmitglieder &#038; Freunde<\/h3>\n  <p class=\"mb-6\">Paddock-P\u00e4sse sind f\u00fcr ein Kind und einen Erwachsenen (1 Team) inklusive. Bitte listen Sie alle weiteren Personen auf. Jeder zus\u00e4tzliche Erwachsene kostet CHF 50.- (inkl. MwSt.)<\/p>\n\n  <div class=\"grid grid-cols-12 gap-4\">\n\n    <div class=\"col-span-12 flex flex-col gap-4\">\n      <label>\n        <span class=\"block text-small uppercase mb-1\">Vollst\u00e4ndiger Name<\/span>\n        <span class=\"wpcf7-form-control-wrap\" data-name=\"additional-family-friends\"><textarea cols=\"40\" rows=\"3\" maxlength=\"2000\" class=\"wpcf7-form-control wpcf7-textarea\" aria-invalid=\"false\" name=\"additional-family-friends\"><\/textarea><\/span>\n      <\/label>\n    <\/div>\n  <\/div>\n<\/fieldset>\n\n\n<fieldset class=\"pb-5 mb-5\">\n  <h3 class=\"text-h3 mb-6\">Einverst\u00e4ndniserkl\u00e4rung<\/h3>\n\n  <span class=\"wpcf7-form-control-wrap\" data-name=\"child-eligibility\"><span class=\"wpcf7-form-control wpcf7-acceptance\"><span class=\"wpcf7-list-item\"><label><input type=\"checkbox\" name=\"child-eligibility\" value=\"1\" aria-invalid=\"false\" \/><span class=\"wpcf7-list-item-label\">Ich best\u00e4tige, dass mein Kind am Veranstaltungstag in der Lage ist, an k\u00f6rperlichen Aktivit\u00e4ten teilzunehmen. *<\/span><\/label><\/span><\/span><\/span>\n\n  <span class=\"wpcf7-form-control-wrap\" data-name=\"child-photo-consent\"><span class=\"wpcf7-form-control wpcf7-acceptance\"><span class=\"wpcf7-list-item\"><label><input type=\"checkbox\" name=\"child-photo-consent\" value=\"1\" aria-invalid=\"false\" \/><span class=\"wpcf7-list-item-label\">Ich erteile mein Einverst\u00e4ndnis, dass mein Kind fotografiert wird und die Bilder von Lugano Elegance und seinen Partnern verwendet werden d\u00fcrfen. *<\/span><\/label><\/span><\/span><\/span>\n\n  <span class=\"wpcf7-form-control-wrap\" data-name=\"terms-privacy\"><span class=\"wpcf7-form-control wpcf7-acceptance\"><span class=\"wpcf7-list-item\"><label><input type=\"checkbox\" name=\"terms-privacy\" value=\"1\" aria-invalid=\"false\" \/><span class=\"wpcf7-list-item-label\">Ich stimme den Allgemeinen <a href=\"https:\/\/scuderiaclassiche.com\/de\/privacy-cookies\/\" target=\"_blank\" class=\"underline\">Gesch\u00e4ftsbedingungen\u00a0und\u00a0Datenschutzrichtlinie<\/a> zu. *<\/span><\/label><\/span><\/span><\/span>\n\n  <span class=\"wpcf7-form-control-wrap\" data-name=\"fee-terms\"><span class=\"wpcf7-form-control wpcf7-acceptance\"><span class=\"wpcf7-list-item\"><label><input type=\"checkbox\" name=\"fee-terms\" value=\"1\" aria-invalid=\"false\" \/><span class=\"wpcf7-list-item-label\">Ich verstehe, dass die Anmeldegeb\u00fchr von CHF 300.- (inkl. MwSt.) nach Best\u00e4tigung nicht\nerstattungsf\u00e4hig ist. *<\/span><\/label><\/span><\/span><\/span>\n\n<\/fieldset>\n\n<button type=\"submit\"\n  class=\"button group inline-flex items-center justify-center rounded font-general text-large transition-micro h-12 px-6 py-2 bg-green-dark hover:bg-green-light text-white leading-none wpcf7-form-control wpcf7-submit has-spinner\"><span\n    class=\"relative whitespace-nowrap\">Senden<\/span><\/button><\/div><div class=\"wpcf7-response-output\" aria-hidden=\"true\"><\/div>\n<\/form>\n<\/div>\n\n              <\/div>\n\n    <\/div>\n  <\/div>\n  <\/section>\n\n\n","protected":false},"excerpt":{"rendered":"","protected":false},"author":5,"featured_media":0,"parent":0,"menu_order":0,"comment_status":"closed","ping_status":"closed","template":"","meta":{"_acf_changed":false,"inline_featured_image":false,"footnotes":""},"class_list":["post-4719","page","type-page","status-publish","hentry"],"acf":[],"yoast_head":"<!-- This site is optimized with the Yoast SEO plugin v27.4 - https:\/\/yoast.com\/product\/yoast-seo-wordpress\/ -->\n<title>Junior Grand Prix - Lugano Elegance<\/title>\n<meta name=\"robots\" content=\"index, follow, max-snippet:-1, max-image-preview:large, max-video-preview:-1\" \/>\n<link rel=\"canonical\" href=\"https:\/\/luganoelegance.com\/de\/junior-grand-prix\/\" \/>\n<meta property=\"og:locale\" content=\"de_DE\" \/>\n<meta property=\"og:type\" content=\"article\" \/>\n<meta property=\"og:title\" content=\"Junior Grand Prix - Lugano Elegance\" \/>\n<meta property=\"og:url\" content=\"https:\/\/luganoelegance.com\/de\/junior-grand-prix\/\" \/>\n<meta property=\"og:site_name\" content=\"Lugano Elegance\" \/>\n<meta property=\"article:modified_time\" content=\"2026-04-22T16:19:34+00:00\" \/>\n<meta name=\"twitter:card\" content=\"summary_large_image\" \/>\n<script type=\"application\/ld+json\" class=\"yoast-schema-graph\">{\"@context\":\"https:\\\/\\\/schema.org\",\"@graph\":[{\"@type\":\"WebPage\",\"@id\":\"https:\\\/\\\/luganoelegance.com\\\/de\\\/junior-grand-prix\\\/\",\"url\":\"https:\\\/\\\/luganoelegance.com\\\/de\\\/junior-grand-prix\\\/\",\"name\":\"Junior Grand Prix - Lugano Elegance\",\"isPartOf\":{\"@id\":\"https:\\\/\\\/luganoelegance.com\\\/#website\"},\"datePublished\":\"2026-03-22T09:27:51+00:00\",\"dateModified\":\"2026-04-22T16:19:34+00:00\",\"breadcrumb\":{\"@id\":\"https:\\\/\\\/luganoelegance.com\\\/de\\\/junior-grand-prix\\\/#breadcrumb\"},\"inLanguage\":\"de\",\"potentialAction\":[{\"@type\":\"ReadAction\",\"target\":[\"https:\\\/\\\/luganoelegance.com\\\/de\\\/junior-grand-prix\\\/\"]}]},{\"@type\":\"BreadcrumbList\",\"@id\":\"https:\\\/\\\/luganoelegance.com\\\/de\\\/junior-grand-prix\\\/#breadcrumb\",\"itemListElement\":[{\"@type\":\"ListItem\",\"position\":1,\"name\":\"Home\",\"item\":\"https:\\\/\\\/luganoelegance.com\\\/de\\\/\"},{\"@type\":\"ListItem\",\"position\":2,\"name\":\"Junior Grand Prix\"}]},{\"@type\":\"WebSite\",\"@id\":\"https:\\\/\\\/luganoelegance.com\\\/#website\",\"url\":\"https:\\\/\\\/luganoelegance.com\\\/\",\"name\":\"Lugano Elegance\",\"description\":\"\",\"potentialAction\":[{\"@type\":\"SearchAction\",\"target\":{\"@type\":\"EntryPoint\",\"urlTemplate\":\"https:\\\/\\\/luganoelegance.com\\\/?s={search_term_string}\"},\"query-input\":{\"@type\":\"PropertyValueSpecification\",\"valueRequired\":true,\"valueName\":\"search_term_string\"}}],\"inLanguage\":\"de\"}]}<\/script>\n<!-- \/ Yoast SEO plugin. -->","yoast_head_json":{"title":"Junior Grand Prix - Lugano Elegance","robots":{"index":"index","follow":"follow","max-snippet":"max-snippet:-1","max-image-preview":"max-image-preview:large","max-video-preview":"max-video-preview:-1"},"canonical":"https:\/\/luganoelegance.com\/de\/junior-grand-prix\/","og_locale":"de_DE","og_type":"article","og_title":"Junior Grand Prix - Lugano Elegance","og_url":"https:\/\/luganoelegance.com\/de\/junior-grand-prix\/","og_site_name":"Lugano Elegance","article_modified_time":"2026-04-22T16:19:34+00:00","twitter_card":"summary_large_image","schema":{"@context":"https:\/\/schema.org","@graph":[{"@type":"WebPage","@id":"https:\/\/luganoelegance.com\/de\/junior-grand-prix\/","url":"https:\/\/luganoelegance.com\/de\/junior-grand-prix\/","name":"Junior Grand Prix - Lugano Elegance","isPartOf":{"@id":"https:\/\/luganoelegance.com\/#website"},"datePublished":"2026-03-22T09:27:51+00:00","dateModified":"2026-04-22T16:19:34+00:00","breadcrumb":{"@id":"https:\/\/luganoelegance.com\/de\/junior-grand-prix\/#breadcrumb"},"inLanguage":"de","potentialAction":[{"@type":"ReadAction","target":["https:\/\/luganoelegance.com\/de\/junior-grand-prix\/"]}]},{"@type":"BreadcrumbList","@id":"https:\/\/luganoelegance.com\/de\/junior-grand-prix\/#breadcrumb","itemListElement":[{"@type":"ListItem","position":1,"name":"Home","item":"https:\/\/luganoelegance.com\/de\/"},{"@type":"ListItem","position":2,"name":"Junior Grand Prix"}]},{"@type":"WebSite","@id":"https:\/\/luganoelegance.com\/#website","url":"https:\/\/luganoelegance.com\/","name":"Lugano Elegance","description":"","potentialAction":[{"@type":"SearchAction","target":{"@type":"EntryPoint","urlTemplate":"https:\/\/luganoelegance.com\/?s={search_term_string}"},"query-input":{"@type":"PropertyValueSpecification","valueRequired":true,"valueName":"search_term_string"}}],"inLanguage":"de"}]}},"_links":{"self":[{"href":"https:\/\/luganoelegance.com\/de\/wp-json\/wp\/v2\/pages\/4719","targetHints":{"allow":["GET"]}}],"collection":[{"href":"https:\/\/luganoelegance.com\/de\/wp-json\/wp\/v2\/pages"}],"about":[{"href":"https:\/\/luganoelegance.com\/de\/wp-json\/wp\/v2\/types\/page"}],"author":[{"embeddable":true,"href":"https:\/\/luganoelegance.com\/de\/wp-json\/wp\/v2\/users\/5"}],"replies":[{"embeddable":true,"href":"https:\/\/luganoelegance.com\/de\/wp-json\/wp\/v2\/comments?post=4719"}],"version-history":[{"count":6,"href":"https:\/\/luganoelegance.com\/de\/wp-json\/wp\/v2\/pages\/4719\/revisions"}],"predecessor-version":[{"id":4853,"href":"https:\/\/luganoelegance.com\/de\/wp-json\/wp\/v2\/pages\/4719\/revisions\/4853"}],"wp:attachment":[{"href":"https:\/\/luganoelegance.com\/de\/wp-json\/wp\/v2\/media?parent=4719"}],"curies":[{"name":"wp","href":"https:\/\/api.w.org\/{rel}","templated":true}]}}