{"id":3352,"date":"2024-12-02T10:12:08","date_gmt":"2024-12-02T09:12:08","guid":{"rendered":"https:\/\/luganoelegance.com\/visita-lugano\/"},"modified":"2025-11-18T17:10:07","modified_gmt":"2025-11-18T16:10:07","slug":"visita-lugano","status":"publish","type":"page","link":"https:\/\/luganoelegance.com\/it\/visita-lugano\/","title":{"rendered":"Visita Lugano"},"content":{"rendered":"<section class=\"acf\/visual-and-content module relative only:py-20 bg-white\" >\n    \n  <div class=\"gutter-x py-8 md:py-15\">\n    <div class=\"container grid grid-cols-12 gap-6 md:gap-10\">\n\n      <div class=\"col-span-12 flex items-center md:col-span-6 lg:col-span-5\">\n        <div class=\"w-full md:my-0 max-w-xl\">\n          <div class=\"max-w-2xl mx-auto \">\n    \n    \n    \n          <div class=\"wysiwyg\">\n        <p>Lugano \u00e8 il luogo dove la precisione svizzera incontra la &#8220;dolce vita&#8221; italiana. Cuore pulsante del Canton Ticino, \u00e8 un centro finanziario e culturale affacciato con eleganza sulle rive del Lago Ceresio.<\/p>\n<p>Questa fusione si respira nel centro storico, passeggiando tra le boutique di lusso di Via Nassa e la quiete del Parco Ciani. Il LAC (Lugano Arte e Cultura) rappresenta l&#8217;anima moderna della citt\u00e0, con un&#8217;offerta internazionale di mostre e concerti.<\/p>\n<p>Per assaggiare il panorama, la citt\u00e0 \u00e8 incorniciata dal Monte San Salvatore e dal Monte Br\u00e8. Entrambi sono raggiungibili con la storica funicolare: un esempio di efficienza svizzera che regala una vista mozzafiato.<\/p>\n\n      <\/div>\n    \n          <div class=\"mt-10\">\n                  <a href=\"https:\/\/www.luganoregion.com\/\" target=\"_blank\" title=\"lugano-region\">\n                <img decoding=\"async\" src=\"https:\/\/luganoelegance.com\/wp-content\/uploads\/lugano-region.svg\" alt=\"lugano-region\" title=\"lugano-region\">\n                  <\/a>\n              <\/div>\n    \n    \n  <\/div>\n        <\/div>\n      <\/div>\n\n              <div class=\"col-span-12 md:col-span-6 lg:col-span-7 flex items-center\">\n          <figure class=\"block w-full overflow-hidden rounded aspect-[16\/10] !h-auto h-full\">\n  <picture class=\"block h-full w-full \">\n    <source srcset=\"https:\/\/luganoelegance.com\/wp-content\/uploads\/lugano-300x168.png 300w, https:\/\/luganoelegance.com\/wp-content\/uploads\/lugano-1024x575.png 1024w, https:\/\/luganoelegance.com\/wp-content\/uploads\/lugano-768x431.png 768w, https:\/\/luganoelegance.com\/wp-content\/uploads\/lugano-1536x862.png 1536w, https:\/\/luganoelegance.com\/wp-content\/uploads\/lugano.png 1900w\" sizes=\"(min-width: 1024px) 550px, 100vw\" \/>\n    <img decoding=\"async\" src=\"https:\/\/luganoelegance.com\/wp-content\/uploads\/lugano-1024x575.png\" alt=\"image\" class=\"object-cover object-center w-full h-full\" \/>\n  <\/picture>\n<\/figure>\n        <\/div>\n      \n    <\/div>\n  <\/div>\n  <\/section>\n\n\n\n\n<section class=\"acf\/visual-and-content module relative only:py-20 bg-white\" >\n    \n  <div class=\"gutter-x py-8 md:py-15\">\n    <div class=\"container grid grid-cols-12 gap-6 md:gap-10 place-content-center text-center\">\n\n      <div class=\"col-span-12 flex items-center md:col-span-10 md:col-start-2 lg:col-span-8 lg:col-start-3\">\n        <div class=\"w-full md:my-0 max-w-3xl\">\n          <div class=\"max-w-2xl mx-auto \">\n    \n    \n          <div class=\"flex items-center gap-3 mb-5 last:mb-0 justify-center\">\n        \n                                            \n          <h2 class=\"font-700 font-display heading-2 text-center text-yellow\">\n            Dove soggiornare\n          <\/h2>\n              <\/div>\n    \n          <div class=\"wysiwyg max-w-2xl mx-auto text-center\">\n        <p>La nostra selezione di strutture combina tradizione e variet\u00e0<\/p>\n<p>Per ulteriori informazioni \u00e8 possibile rivolgersi direttamente alle strutture, oppure contattarci: saremo lieti di accompagnarvi nella scelta pi\u00f9 adatta alle vostre esigenze.<\/p>\n\n      <\/div>\n    \n    \n    \n  <\/div>\n        <\/div>\n      <\/div>\n\n      \n    <\/div>\n  <\/div>\n  <\/section>\n\n\n\n\n<section class=\"acf\/visual-and-content module relative only:py-20 bg-white\" >\n    \n  <div class=\"gutter-x py-8 md:py-15\">\n    <div class=\"container grid grid-cols-12 gap-6 md:gap-10\">\n\n      <div class=\"col-span-12 flex items-center md:col-span-6 lg:col-span-5 md:order-2\">\n        <div class=\"w-full md:my-0 max-w-xl\">\n          <div class=\"max-w-2xl mx-auto \">\n          <h4 class=\"text-h5 mb-3 uppercase text-green-olive\">Partner Hotel esclusivo 5 stelle<\/h4>\n    \n    \n          <div class=\"flex items-center gap-3 mb-5 last:mb-0\">\n        \n                                            \n          <h2 class=\"font-700 font-display heading-2 text-yellow\">\n            Hotel Splendide Royal\n          <\/h2>\n              <\/div>\n    \n          <div class=\"wysiwyg\">\n        <p>Affacciato sul Lago Ceresio, questo iconico hotel 5 stelle accoglie ospiti internazionali dal 1887. \u00c8 una scelta che unisce prestigio storico e un servizio d&#8217;eccellenza, offrendo un&#8217;ospitalit\u00e0 impeccabile che fonde comfort moderni e fascino autentico.<\/p>\n<p>Oltre alle prestazioni di altissimo livello, come la spa d&#8217;avanguardia e la ristorazione d&#8217;autore, la struttura garantisce un&#8217;attenzione all&#8217;ospite che rende il soggiorno un&#8217;esperienza memorabile.<\/p>\n\n      <\/div>\n    \n    \n          <div class=\"flex mt-8 gap-5\">\n                  <a  href=\"https:\/\/www.splendide.ch\/\" target=\"_blank\"  rel=\"noopener noreferrer\"   class=\"button group inline-flex items-center justify-center gap-x-2 font-alt text-h5 transition-micro font-general normal-case h-9 px-5 pb-0.5 leading-none rounded bg-yellow hover:bg-yellow\/80 text-black\"\n\n    \n    >\n    <span>Info<\/span>\n\n    \n        <\/a>\n\n              <\/div>\n    \n  <\/div>\n        <\/div>\n      <\/div>\n\n              <div class=\"col-span-12 md:col-span-6 lg:col-span-7 flex items-center\">\n          <figure class=\"block w-full overflow-hidden rounded aspect-[16\/10] !h-auto h-full\">\n  <picture class=\"block h-full w-full \">\n    <source srcset=\"https:\/\/luganoelegance.com\/wp-content\/uploads\/Hotel-Splendide-Royal-1-300x201.jpg 300w, https:\/\/luganoelegance.com\/wp-content\/uploads\/Hotel-Splendide-Royal-1.jpg 583w\" sizes=\"(min-width: 1024px) 550px, 100vw\" \/>\n    <img decoding=\"async\" src=\"https:\/\/luganoelegance.com\/wp-content\/uploads\/Hotel-Splendide-Royal-1.jpg\" alt=\"image\" class=\"object-cover object-center w-full h-full\" \/>\n  <\/picture>\n<\/figure>\n        <\/div>\n      \n    <\/div>\n  <\/div>\n  <\/section>\n\n\n\n\n<section class=\"acf\/cards-grid module relative only:py-20 mb-15 bg-white\" >\n    \n  <div class=\"gutter-x py-15\">\n    <div class=\"container\">\n\n      \n      <div class=\"grid grid-cols-6 gap-x-8 gap-y-20 place-content-center\">\n\n                  <div class=\"col-span-6 md:col-span-3 lg:col-span-2 flex\">\n            <article class=\"flex flex-col justify-between items-start\">\n\n              <div>\n                                  <div class=\"mb-6 w-full overflow-hidden aspect-video\">\n                    <figure class=\"block w-full overflow-hidden rounded h-full\">\n  <picture class=\"block h-full w-full \">\n    <source srcset=\"https:\/\/luganoelegance.com\/wp-content\/uploads\/Grand-Hotel-Villa-Castagnola-300x200.jpg 300w, https:\/\/luganoelegance.com\/wp-content\/uploads\/Grand-Hotel-Villa-Castagnola-768x512.jpg 768w, https:\/\/luganoelegance.com\/wp-content\/uploads\/Grand-Hotel-Villa-Castagnola.jpg 1024w\" sizes=\"(min-width: 768px) 50vw, (min-width: 1024px) 360px, 100vw\" \/>\n    <img decoding=\"async\" src=\"https:\/\/luganoelegance.com\/wp-content\/uploads\/Grand-Hotel-Villa-Castagnola-768x512.jpg\" alt=\"image\" class=\"object-cover object-center w-full h-full\" \/>\n  <\/picture>\n<\/figure>\n                  <\/div>\n                \n                \n                                  <h1 class=\"heading-2\">Grand Hotel Villa Castagnola<\/h1>\n                \n                              <\/div>\n\n                              <div class=\"mt-4\">\n                  <a  href=\"https:\/\/www.villacastagnola.com\/\" target=\"_blank\"  rel=\"noopener noreferrer\"   class=\"button group inline-flex items-center justify-center gap-x-2 font-alt text-h5 transition-micro font-general normal-case h-9 px-5 pb-0.5 leading-none rounded bg-green-dark hover:bg-green-dark\/80 text-white\"\n\n    \n    >\n    <span>Info<\/span>\n\n    \n        <\/a>\n\n                <\/div>\n              \n            <\/article>\n          <\/div>\n                  <div class=\"col-span-6 md:col-span-3 lg:col-span-2 flex\">\n            <article class=\"flex flex-col justify-between items-start\">\n\n              <div>\n                                  <div class=\"mb-6 w-full overflow-hidden aspect-video\">\n                    <figure class=\"block w-full overflow-hidden rounded h-full\">\n  <picture class=\"block h-full w-full \">\n    <source srcset=\"https:\/\/luganoelegance.com\/wp-content\/uploads\/Hotel-De-La-Paix-300x200.jpg 300w, https:\/\/luganoelegance.com\/wp-content\/uploads\/Hotel-De-La-Paix-768x512.jpg 768w, https:\/\/luganoelegance.com\/wp-content\/uploads\/Hotel-De-La-Paix.jpg 1000w\" sizes=\"(min-width: 768px) 50vw, (min-width: 1024px) 360px, 100vw\" \/>\n    <img decoding=\"async\" src=\"https:\/\/luganoelegance.com\/wp-content\/uploads\/Hotel-De-La-Paix-768x512.jpg\" alt=\"image\" class=\"object-cover object-center w-full h-full\" \/>\n  <\/picture>\n<\/figure>\n                  <\/div>\n                \n                \n                                  <h1 class=\"heading-2\">Hotel De La Paix<\/h1>\n                \n                              <\/div>\n\n                              <div class=\"mt-4\">\n                  <a  href=\"https:\/\/delapaix.ch\/\" target=\"_blank\"  rel=\"noopener noreferrer\"   class=\"button group inline-flex items-center justify-center gap-x-2 font-alt text-h5 transition-micro font-general normal-case h-9 px-5 pb-0.5 leading-none rounded bg-green-dark hover:bg-green-dark\/80 text-white\"\n\n    \n    >\n    <span>Info<\/span>\n\n    \n        <\/a>\n\n                <\/div>\n              \n            <\/article>\n          <\/div>\n                  <div class=\"col-span-6 md:col-span-3 lg:col-span-2 flex\">\n            <article class=\"flex flex-col justify-between items-start\">\n\n              <div>\n                                  <div class=\"mb-6 w-full overflow-hidden aspect-video\">\n                    <figure class=\"block w-full overflow-hidden rounded h-full\">\n  <picture class=\"block h-full w-full \">\n    <source srcset=\"https:\/\/luganoelegance.com\/wp-content\/uploads\/710740924-300x169.jpg 300w, https:\/\/luganoelegance.com\/wp-content\/uploads\/710740924-768x432.jpg 768w, https:\/\/luganoelegance.com\/wp-content\/uploads\/710740924.jpg 1024w\" sizes=\"(min-width: 768px) 50vw, (min-width: 1024px) 360px, 100vw\" \/>\n    <img decoding=\"async\" src=\"https:\/\/luganoelegance.com\/wp-content\/uploads\/710740924-768x432.jpg\" alt=\"image\" class=\"object-cover object-center w-full h-full\" \/>\n  <\/picture>\n<\/figure>\n                  <\/div>\n                \n                \n                                  <h1 class=\"heading-2\">Hotel Walter Au Lac<\/h1>\n                \n                              <\/div>\n\n                              <div class=\"mt-4\">\n                  <a  href=\"https:\/\/www.walteraulac.ch\/\" target=\"_blank\"  rel=\"noopener noreferrer\"   class=\"button group inline-flex items-center justify-center gap-x-2 font-alt text-h5 transition-micro font-general normal-case h-9 px-5 pb-0.5 leading-none rounded bg-green-dark hover:bg-green-dark\/80 text-white\"\n\n    \n    >\n    <span>Info<\/span>\n\n    \n        <\/a>\n\n                <\/div>\n              \n            <\/article>\n          <\/div>\n              <\/div>\n\n    <\/div>\n  <\/div>\n  <\/section>\n\n\n","protected":false},"excerpt":{"rendered":"","protected":false},"author":5,"featured_media":0,"parent":0,"menu_order":0,"comment_status":"closed","ping_status":"closed","template":"","meta":{"_acf_changed":false,"inline_featured_image":false,"footnotes":""},"class_list":["post-3352","page","type-page","status-publish","hentry"],"acf":[],"yoast_head":"<!-- This site is optimized with the Yoast SEO plugin v27.4 - https:\/\/yoast.com\/product\/yoast-seo-wordpress\/ -->\n<title>Visita Lugano - Lugano Elegance<\/title>\n<meta name=\"robots\" content=\"index, follow, max-snippet:-1, max-image-preview:large, max-video-preview:-1\" \/>\n<link rel=\"canonical\" href=\"https:\/\/luganoelegance.com\/it\/visita-lugano\/\" \/>\n<meta property=\"og:locale\" content=\"it_IT\" \/>\n<meta property=\"og:type\" content=\"article\" \/>\n<meta property=\"og:title\" content=\"Visita Lugano - Lugano Elegance\" \/>\n<meta property=\"og:url\" content=\"https:\/\/luganoelegance.com\/it\/visita-lugano\/\" \/>\n<meta property=\"og:site_name\" content=\"Lugano Elegance\" \/>\n<meta property=\"article:modified_time\" content=\"2025-11-18T16:10:07+00:00\" \/>\n<meta name=\"twitter:card\" content=\"summary_large_image\" \/>\n<script type=\"application\/ld+json\" class=\"yoast-schema-graph\">{\"@context\":\"https:\\\/\\\/schema.org\",\"@graph\":[{\"@type\":\"WebPage\",\"@id\":\"https:\\\/\\\/luganoelegance.com\\\/it\\\/visita-lugano\\\/\",\"url\":\"https:\\\/\\\/luganoelegance.com\\\/it\\\/visita-lugano\\\/\",\"name\":\"Visita Lugano - Lugano Elegance\",\"isPartOf\":{\"@id\":\"https:\\\/\\\/luganoelegance.com\\\/#website\"},\"datePublished\":\"2024-12-02T09:12:08+00:00\",\"dateModified\":\"2025-11-18T16:10:07+00:00\",\"breadcrumb\":{\"@id\":\"https:\\\/\\\/luganoelegance.com\\\/it\\\/visita-lugano\\\/#breadcrumb\"},\"inLanguage\":\"it-IT\",\"potentialAction\":[{\"@type\":\"ReadAction\",\"target\":[\"https:\\\/\\\/luganoelegance.com\\\/it\\\/visita-lugano\\\/\"]}]},{\"@type\":\"BreadcrumbList\",\"@id\":\"https:\\\/\\\/luganoelegance.com\\\/it\\\/visita-lugano\\\/#breadcrumb\",\"itemListElement\":[{\"@type\":\"ListItem\",\"position\":1,\"name\":\"Home\",\"item\":\"https:\\\/\\\/luganoelegance.com\\\/it\\\/\"},{\"@type\":\"ListItem\",\"position\":2,\"name\":\"Visita Lugano\"}]},{\"@type\":\"WebSite\",\"@id\":\"https:\\\/\\\/luganoelegance.com\\\/#website\",\"url\":\"https:\\\/\\\/luganoelegance.com\\\/\",\"name\":\"Lugano Elegance\",\"description\":\"\",\"potentialAction\":[{\"@type\":\"SearchAction\",\"target\":{\"@type\":\"EntryPoint\",\"urlTemplate\":\"https:\\\/\\\/luganoelegance.com\\\/?s={search_term_string}\"},\"query-input\":{\"@type\":\"PropertyValueSpecification\",\"valueRequired\":true,\"valueName\":\"search_term_string\"}}],\"inLanguage\":\"it-IT\"}]}<\/script>\n<!-- \/ Yoast SEO plugin. -->","yoast_head_json":{"title":"Visita Lugano - Lugano Elegance","robots":{"index":"index","follow":"follow","max-snippet":"max-snippet:-1","max-image-preview":"max-image-preview:large","max-video-preview":"max-video-preview:-1"},"canonical":"https:\/\/luganoelegance.com\/it\/visita-lugano\/","og_locale":"it_IT","og_type":"article","og_title":"Visita Lugano - Lugano Elegance","og_url":"https:\/\/luganoelegance.com\/it\/visita-lugano\/","og_site_name":"Lugano Elegance","article_modified_time":"2025-11-18T16:10:07+00:00","twitter_card":"summary_large_image","schema":{"@context":"https:\/\/schema.org","@graph":[{"@type":"WebPage","@id":"https:\/\/luganoelegance.com\/it\/visita-lugano\/","url":"https:\/\/luganoelegance.com\/it\/visita-lugano\/","name":"Visita Lugano - Lugano Elegance","isPartOf":{"@id":"https:\/\/luganoelegance.com\/#website"},"datePublished":"2024-12-02T09:12:08+00:00","dateModified":"2025-11-18T16:10:07+00:00","breadcrumb":{"@id":"https:\/\/luganoelegance.com\/it\/visita-lugano\/#breadcrumb"},"inLanguage":"it-IT","potentialAction":[{"@type":"ReadAction","target":["https:\/\/luganoelegance.com\/it\/visita-lugano\/"]}]},{"@type":"BreadcrumbList","@id":"https:\/\/luganoelegance.com\/it\/visita-lugano\/#breadcrumb","itemListElement":[{"@type":"ListItem","position":1,"name":"Home","item":"https:\/\/luganoelegance.com\/it\/"},{"@type":"ListItem","position":2,"name":"Visita Lugano"}]},{"@type":"WebSite","@id":"https:\/\/luganoelegance.com\/#website","url":"https:\/\/luganoelegance.com\/","name":"Lugano Elegance","description":"","potentialAction":[{"@type":"SearchAction","target":{"@type":"EntryPoint","urlTemplate":"https:\/\/luganoelegance.com\/?s={search_term_string}"},"query-input":{"@type":"PropertyValueSpecification","valueRequired":true,"valueName":"search_term_string"}}],"inLanguage":"it-IT"}]}},"_links":{"self":[{"href":"https:\/\/luganoelegance.com\/it\/wp-json\/wp\/v2\/pages\/3352","targetHints":{"allow":["GET"]}}],"collection":[{"href":"https:\/\/luganoelegance.com\/it\/wp-json\/wp\/v2\/pages"}],"about":[{"href":"https:\/\/luganoelegance.com\/it\/wp-json\/wp\/v2\/types\/page"}],"author":[{"embeddable":true,"href":"https:\/\/luganoelegance.com\/it\/wp-json\/wp\/v2\/users\/5"}],"replies":[{"embeddable":true,"href":"https:\/\/luganoelegance.com\/it\/wp-json\/wp\/v2\/comments?post=3352"}],"version-history":[{"count":13,"href":"https:\/\/luganoelegance.com\/it\/wp-json\/wp\/v2\/pages\/3352\/revisions"}],"predecessor-version":[{"id":4601,"href":"https:\/\/luganoelegance.com\/it\/wp-json\/wp\/v2\/pages\/3352\/revisions\/4601"}],"wp:attachment":[{"href":"https:\/\/luganoelegance.com\/it\/wp-json\/wp\/v2\/media?parent=3352"}],"curies":[{"name":"wp","href":"https:\/\/api.w.org\/{rel}","templated":true}]}}